{"id":7437,"date":"2024-09-27T11:05:11","date_gmt":"2024-09-27T11:05:11","guid":{"rendered":"https:\/\/digitalconnection.connectionthemes.com\/digital-marketing\/"},"modified":"2024-10-09T16:18:09","modified_gmt":"2024-10-09T16:18:09","slug":"marketing-digital","status":"publish","type":"page","link":"https:\/\/digitalconnection.ae\/pt-pt\/marketing-digital\/","title":{"rendered":"Marketing Digital"},"content":{"rendered":"<p><span style=\"font-weight: 400;\">O nosso plano \u00e9 simples: aproveitamos o trabalho \u00e1rduo, o talento e a expertise para desenvolver estrat\u00e9gias 360\u00ba focadas em resultados, constru\u00eddas na interse\u00e7\u00e3o entre criatividade e desempenho.<\/span><\/p>\n","protected":false},"excerpt":{"rendered":"<p>O nosso plano \u00e9 simples: aproveitamos o trabalho \u00e1rduo, o talento e a expertise para desenvolver estrat\u00e9gias 360\u00ba focadas em resultados, constru\u00eddas na interse\u00e7\u00e3o entre criatividade e desempenho.<\/p>\n","protected":false},"author":1,"featured_media":0,"parent":0,"menu_order":0,"comment_status":"closed","ping_status":"closed","template":"page-marketing.php","meta":{"footnotes":""},"class_list":["post-7437","page","type-page","status-publish","hentry"],"acf":[],"yoast_head":"<!-- This site is optimized with the Yoast SEO plugin v23.6 - https:\/\/yoast.com\/wordpress\/plugins\/seo\/ -->\n<title>Marketing Digital - Digital Connection<\/title>\n<meta name=\"description\" content=\"A Digital Connection \u00e9 uma ag\u00eancia de Marketing Digital onde potenciamos marcas atrav\u00e9s de gest\u00e3o de redes sociais, Websites, Campanhas...\" \/>\n<meta name=\"robots\" content=\"index, follow, max-snippet:-1, max-image-preview:large, max-video-preview:-1\" \/>\n<link rel=\"canonical\" href=\"https:\/\/autodiscover.bizpartners.nl\/pt-pt\/marketing-digital\/\" \/>\n<meta property=\"og:locale\" content=\"pt_PT\" \/>\n<meta property=\"og:type\" content=\"article\" \/>\n<meta property=\"og:title\" content=\"Marketing Digital - Digital Connection\" \/>\n<meta property=\"og:description\" content=\"A Digital Connection \u00e9 uma ag\u00eancia de Marketing Digital onde potenciamos marcas atrav\u00e9s de gest\u00e3o de redes sociais, Websites, Campanhas...\" \/>\n<meta property=\"og:url\" content=\"https:\/\/autodiscover.bizpartners.nl\/pt-pt\/marketing-digital\/\" \/>\n<meta property=\"og:site_name\" content=\"Digital Connection\" \/>\n<meta property=\"article:modified_time\" content=\"2024-10-09T16:18:09+00:00\" \/>\n<meta name=\"twitter:card\" content=\"summary_large_image\" \/>\n<meta name=\"twitter:label1\" content=\"Tempo estimado de leitura\" \/>\n\t<meta name=\"twitter:data1\" content=\"1 minuto\" \/>\n<script type=\"application\/ld+json\" class=\"yoast-schema-graph\">{\"@context\":\"https:\/\/schema.org\",\"@graph\":[{\"@type\":\"WebPage\",\"@id\":\"https:\/\/autodiscover.bizpartners.nl\/pt-pt\/marketing-digital\/\",\"url\":\"https:\/\/autodiscover.bizpartners.nl\/pt-pt\/marketing-digital\/\",\"name\":\"Marketing Digital - Digital Connection\",\"isPartOf\":{\"@id\":\"https:\/\/jeta.connectionthemes.com\/#website\"},\"datePublished\":\"2024-09-27T11:05:11+00:00\",\"dateModified\":\"2024-10-09T16:18:09+00:00\",\"description\":\"A Digital Connection \u00e9 uma ag\u00eancia de Marketing Digital onde potenciamos marcas atrav\u00e9s de gest\u00e3o de redes sociais, Websites, Campanhas...\",\"breadcrumb\":{\"@id\":\"https:\/\/autodiscover.bizpartners.nl\/pt-pt\/marketing-digital\/#breadcrumb\"},\"inLanguage\":\"pt-PT\",\"potentialAction\":[{\"@type\":\"ReadAction\",\"target\":[\"https:\/\/autodiscover.bizpartners.nl\/pt-pt\/marketing-digital\/\"]}]},{\"@type\":\"BreadcrumbList\",\"@id\":\"https:\/\/autodiscover.bizpartners.nl\/pt-pt\/marketing-digital\/#breadcrumb\",\"itemListElement\":[{\"@type\":\"ListItem\",\"position\":1,\"name\":\"Home\",\"item\":\"https:\/\/mail.grupomontalva.pt\/pt-pt\/\"},{\"@type\":\"ListItem\",\"position\":2,\"name\":\"Marketing Digital\"}]},{\"@type\":\"WebSite\",\"@id\":\"https:\/\/jeta.connectionthemes.com\/#website\",\"url\":\"https:\/\/jeta.connectionthemes.com\/\",\"name\":\"Digital Connection\",\"description\":\"\",\"publisher\":{\"@id\":\"https:\/\/jeta.connectionthemes.com\/#organization\"},\"potentialAction\":[{\"@type\":\"SearchAction\",\"target\":{\"@type\":\"EntryPoint\",\"urlTemplate\":\"https:\/\/jeta.connectionthemes.com\/?s={search_term_string}\"},\"query-input\":{\"@type\":\"PropertyValueSpecification\",\"valueRequired\":true,\"valueName\":\"search_term_string\"}}],\"inLanguage\":\"pt-PT\"},{\"@type\":\"Organization\",\"@id\":\"https:\/\/jeta.connectionthemes.com\/#organization\",\"name\":\"Digital Connection\",\"url\":\"https:\/\/jeta.connectionthemes.com\/\",\"logo\":{\"@type\":\"ImageObject\",\"inLanguage\":\"pt-PT\",\"@id\":\"https:\/\/jeta.connectionthemes.com\/#\/schema\/logo\/image\/\",\"url\":\"https:\/\/digitalconnection.ae\/wp-content\/uploads\/2026\/03\/logo.png\",\"contentUrl\":\"https:\/\/digitalconnection.ae\/wp-content\/uploads\/2026\/03\/logo.png\",\"width\":656,\"height\":134,\"caption\":\"Digital Connection\"},\"image\":{\"@id\":\"https:\/\/jeta.connectionthemes.com\/#\/schema\/logo\/image\/\"}}]}<\/script>\n<!-- \/ Yoast SEO plugin. -->","yoast_head_json":{"title":"Marketing Digital - Digital Connection","description":"A Digital Connection \u00e9 uma ag\u00eancia de Marketing Digital onde potenciamos marcas atrav\u00e9s de gest\u00e3o de redes sociais, Websites, Campanhas...","robots":{"index":"index","follow":"follow","max-snippet":"max-snippet:-1","max-image-preview":"max-image-preview:large","max-video-preview":"max-video-preview:-1"},"canonical":"https:\/\/autodiscover.bizpartners.nl\/pt-pt\/marketing-digital\/","og_locale":"pt_PT","og_type":"article","og_title":"Marketing Digital - Digital Connection","og_description":"A Digital Connection \u00e9 uma ag\u00eancia de Marketing Digital onde potenciamos marcas atrav\u00e9s de gest\u00e3o de redes sociais, Websites, Campanhas...","og_url":"https:\/\/autodiscover.bizpartners.nl\/pt-pt\/marketing-digital\/","og_site_name":"Digital Connection","article_modified_time":"2024-10-09T16:18:09+00:00","twitter_card":"summary_large_image","twitter_misc":{"Tempo estimado de leitura":"1 minuto"},"schema":{"@context":"https:\/\/schema.org","@graph":[{"@type":"WebPage","@id":"https:\/\/autodiscover.bizpartners.nl\/pt-pt\/marketing-digital\/","url":"https:\/\/autodiscover.bizpartners.nl\/pt-pt\/marketing-digital\/","name":"Marketing Digital - Digital Connection","isPartOf":{"@id":"https:\/\/jeta.connectionthemes.com\/#website"},"datePublished":"2024-09-27T11:05:11+00:00","dateModified":"2024-10-09T16:18:09+00:00","description":"A Digital Connection \u00e9 uma ag\u00eancia de Marketing Digital onde potenciamos marcas atrav\u00e9s de gest\u00e3o de redes sociais, Websites, Campanhas...","breadcrumb":{"@id":"https:\/\/autodiscover.bizpartners.nl\/pt-pt\/marketing-digital\/#breadcrumb"},"inLanguage":"pt-PT","potentialAction":[{"@type":"ReadAction","target":["https:\/\/autodiscover.bizpartners.nl\/pt-pt\/marketing-digital\/"]}]},{"@type":"BreadcrumbList","@id":"https:\/\/autodiscover.bizpartners.nl\/pt-pt\/marketing-digital\/#breadcrumb","itemListElement":[{"@type":"ListItem","position":1,"name":"Home","item":"https:\/\/mail.grupomontalva.pt\/pt-pt\/"},{"@type":"ListItem","position":2,"name":"Marketing Digital"}]},{"@type":"WebSite","@id":"https:\/\/jeta.connectionthemes.com\/#website","url":"https:\/\/jeta.connectionthemes.com\/","name":"Digital Connection","description":"","publisher":{"@id":"https:\/\/jeta.connectionthemes.com\/#organization"},"potentialAction":[{"@type":"SearchAction","target":{"@type":"EntryPoint","urlTemplate":"https:\/\/jeta.connectionthemes.com\/?s={search_term_string}"},"query-input":{"@type":"PropertyValueSpecification","valueRequired":true,"valueName":"search_term_string"}}],"inLanguage":"pt-PT"},{"@type":"Organization","@id":"https:\/\/jeta.connectionthemes.com\/#organization","name":"Digital Connection","url":"https:\/\/jeta.connectionthemes.com\/","logo":{"@type":"ImageObject","inLanguage":"pt-PT","@id":"https:\/\/jeta.connectionthemes.com\/#\/schema\/logo\/image\/","url":"https:\/\/digitalconnection.ae\/wp-content\/uploads\/2026\/03\/logo.png","contentUrl":"https:\/\/digitalconnection.ae\/wp-content\/uploads\/2026\/03\/logo.png","width":656,"height":134,"caption":"Digital Connection"},"image":{"@id":"https:\/\/jeta.connectionthemes.com\/#\/schema\/logo\/image\/"}}]}},"_links":{"self":[{"href":"https:\/\/digitalconnection.ae\/pt-pt\/wp-json\/wp\/v2\/pages\/7437","targetHints":{"allow":["GET"]}}],"collection":[{"href":"https:\/\/digitalconnection.ae\/pt-pt\/wp-json\/wp\/v2\/pages"}],"about":[{"href":"https:\/\/digitalconnection.ae\/pt-pt\/wp-json\/wp\/v2\/types\/page"}],"author":[{"embeddable":true,"href":"https:\/\/digitalconnection.ae\/pt-pt\/wp-json\/wp\/v2\/users\/1"}],"replies":[{"embeddable":true,"href":"https:\/\/digitalconnection.ae\/pt-pt\/wp-json\/wp\/v2\/comments?post=7437"}],"version-history":[{"count":8,"href":"https:\/\/digitalconnection.ae\/pt-pt\/wp-json\/wp\/v2\/pages\/7437\/revisions"}],"predecessor-version":[{"id":7863,"href":"https:\/\/digitalconnection.ae\/pt-pt\/wp-json\/wp\/v2\/pages\/7437\/revisions\/7863"}],"wp:attachment":[{"href":"https:\/\/digitalconnection.ae\/pt-pt\/wp-json\/wp\/v2\/media?parent=7437"}],"curies":[{"name":"wp","href":"https:\/\/api.w.org\/{rel}","templated":true}]}}